{"id":23,"date":"2019-02-27T13:55:16","date_gmt":"2019-02-27T13:55:16","guid":{"rendered":"http:\/\/cadeaweb.com.ar\/web\/?page_id=23"},"modified":"2021-08-03T17:07:08","modified_gmt":"2021-08-03T17:07:08","slug":"miembros-activos","status":"publish","type":"page","link":"https:\/\/cadeaweb.com.ar\/web\/?page_id=23","title":{"rendered":"Miembros activos"},"content":{"rendered":"<p>F.A.A.<br \/>\nFederaci\u00f3n Argentina de Aeromodelismo<br \/>\n<a href=\"http:\/\/www.faa.org.ar\">www.faa.org.ar<\/a><\/p>\n<p>F.A.D.A.<br \/>\nFederaci\u00f3n Argentina de Aeroclubes<br \/>\n<a href=\"http:\/\/www.fada.org.ar\">www.fada.org.ar<\/a><\/p>\n<p>F.A.P.<br \/>\nFederaci\u00f3n Argentina de Paracaidismo<br \/>\n<a href=\"http:\/\/www.paracaidismo.org.ar\">www.paracaidismo.org.ar<\/a><\/p>\n<p>F.A.V.A.V.<br \/>\nFederaci\u00f3n Argentina de Vuelo a Vela<br \/>\n<a href=\"http:\/\/www.favav.com.ar\">www.favav.com.ar<\/a><\/p>\n<p>F.A.V.L.<br \/>\nFederaci\u00f3n Argentina de Vuelo Libre<br \/>\n<a href=\"http:\/\/www.favl.com.ar\">www.favl.com.ar<\/a><\/p>\n","protected":false},"excerpt":{"rendered":"<p>F.A.A. Federaci\u00f3n Argentina de Aeromodelismo www.faa.org.ar F.A.D.A. Federaci\u00f3n Argentina de Aeroclubes www.fada.org.ar F.A.P. Federaci\u00f3n Argentina de Paracaidismo www.paracaidismo.org.ar F.A.V.A.V. Federaci\u00f3n Argentina de Vuelo a Vela www.favav.com.ar F.A.V.L. Federaci\u00f3n Argentina de Vuelo Libre www.favl.com.ar<\/p>\n","protected":false},"author":1,"featured_media":0,"parent":0,"menu_order":0,"comment_status":"closed","ping_status":"closed","template":"","meta":{"footnotes":""},"class_list":["post-23","page","type-page","status-publish","hentry"],"_links":{"self":[{"href":"https:\/\/cadeaweb.com.ar\/web\/index.php?rest_route=\/wp\/v2\/pages\/23","targetHints":{"allow":["GET"]}}],"collection":[{"href":"https:\/\/cadeaweb.com.ar\/web\/index.php?rest_route=\/wp\/v2\/pages"}],"about":[{"href":"https:\/\/cadeaweb.com.ar\/web\/index.php?rest_route=\/wp\/v2\/types\/page"}],"author":[{"embeddable":true,"href":"https:\/\/cadeaweb.com.ar\/web\/index.php?rest_route=\/wp\/v2\/users\/1"}],"replies":[{"embeddable":true,"href":"https:\/\/cadeaweb.com.ar\/web\/index.php?rest_route=%2Fwp%2Fv2%2Fcomments&post=23"}],"version-history":[{"count":3,"href":"https:\/\/cadeaweb.com.ar\/web\/index.php?rest_route=\/wp\/v2\/pages\/23\/revisions"}],"predecessor-version":[{"id":128,"href":"https:\/\/cadeaweb.com.ar\/web\/index.php?rest_route=\/wp\/v2\/pages\/23\/revisions\/128"}],"wp:attachment":[{"href":"https:\/\/cadeaweb.com.ar\/web\/index.php?rest_route=%2Fwp%2Fv2%2Fmedia&parent=23"}],"curies":[{"name":"wp","href":"https:\/\/api.w.org\/{rel}","templated":true}]}}